

{"id":23304,"date":"2020-12-09T09:45:36","date_gmt":"2020-12-09T08:45:36","guid":{"rendered":"https:\/\/www.siebenquell.com\/therme\/"},"modified":"2024-01-11T11:49:47","modified_gmt":"2024-01-11T10:49:47","slug":"thermal-spring","status":"publish","type":"page","link":"https:\/\/www.siebenquell.com\/en\/thermal-spring\/","title":{"rendered":"Thermal Spring"},"content":{"rendered":"\n\n\t\t\t<h1>The Siebenquell Therme &#8211; the place for <strong>your own personal feel-good time<\/strong><\/h1>\t\t\t\t\t\t\n\t\t\t\t\t\t<p>There are currently<\/p>\n<p><strong><span class=\"anzahl\">500<\/span><\/strong><\/p>\n<p><strong>spaces available<\/strong> for your in our Siebenquell Therme.<\/p>\t\t\t\t\t\n\t\t\t<img decoding=\"async\" loading='false' src=\"https:\/\/www.siebenquell.com\/wp-content\/uploads\/2021\/04\/siebenquell-therme.jpg\" alt=\"\" \/>\t\t\t\n\t\t\t<a href=\"#more\"><\/a>\n<h2>\n\t\tRelaxation and well-being at your spa in the Fichtel Mountains\n\t<\/h2>\n<h3>\n\t\tOpening hours, rates and GesundWertKarte\n\t<\/h3>\n\t<p>Welcome to the Siebenquell GesundZeitResort in Wei\u00dfenstadt. Learn more about <a href=\"https:\/\/www.siebenquell.com\/en\/thermal-spring\/opening-hours-and-rates\/\">opening hours and admission rates<\/a> at your spa in the Fichtel Mountains. And discover more about the GesundWertKarte, which offers you special discounts and can also be used as a means of payment throughout the resort.<\/p>\n<h3>\n\t\tFluoride-containing sulphuric thermal waters\n\t<\/h3>\n\t<p>Experience a special feeling of well-being in the thermal bath: The sulphuric thermal waters at the Siebenquell\u00a0thermal spa nestled in Bavaria&#8217;s majestic Fichtel Mountains have one of the <a href=\"https:\/\/www.siebenquell.com\/therme\/thermalwasser\/\">highest fluoride contents<\/a> in Germany. From a depth of nearly 2,000 m the waters reach the surface through pure granite rock, from where they are fed into the resort&#8217;s Waterworld, Saunaworld and GesundZeitReise pools to offer guests unique, health-promoting benefits.<\/p>\n<h3>\n\t\tYour Siebenquell thermal spa and GesundZeitResort in Wei\u00dfenstadt\n\t<\/h3>\n\t<p>Experience wellness in Franconia and treat your body to an extraordinarily relaxing escape: Luxuriate in 1,500 sqm of thermal waters, 1,000 sqm of which are interconnected, along with mineral baths, outdoor pools, a pool bar, nine fascinating sauna experiences, a snow chamber and bistros. The expansive Saunaworld and Waterworld and unique GesundZeitReise make the Siebenquell\u00a0thermal spa the perfect place to relax and unwind. The Beauty &amp; Spa and Medical Wellness areas offer you health, wellness and vitality with a wide range of cosmetics, massages, wellness baths and physical therapy options to choose from along with the world of Oriental Hamam and Rasul.<\/p>\n<p>Combine your stay at the spa with a short break at the Siebenquell health and wellness hotel or revel in culinary delights with a visit to the RotRind Steakhouse. Indulge in coffee and cake or take in the sunset from the Kaminflackerei panoramic lounge.<\/p>\n\t<p>Health and well-being from the depths<\/p>\n<h2>\n\t\t<a href=\"https:\/\/www.siebenquell.com\/therme\/thermalwasser\/\" title=\"Healing thermal waters\" target=\"_self\" rel=\"noopener\">\n\t\tHealing thermal waters\n\t\t<\/a>\n\t<\/h2>\n\t<p>As Germany&#8217;s deepest thermal bore, Siebenquell&#8217;s thermal waters have a comparable mineral composition to that of other healing waters. With a concentration of 9 mg\/l, they have one of the highest fluoride contents in Germany and thus meet the standards for official recognition of their medicinal properties.<\/p>\n\t\t\t<a href=\"https:\/\/www.siebenquell.com\/en\/thermal-spring\/thermal-waters\/\" target=\"_self\" rel=\"noopener\">\n\t\t\t\t\t\t\t<\/a>\n\t<p>Take the plunge, relax and enjoy<\/p>\n<h2>\n\t\t<a href=\"https:\/\/www.siebenquell.com\/therme\/wasserwelt\/\" title=\"The relaxing Waterworld at your Siebenquell thermal spa\" target=\"_self\" rel=\"noopener\">\n\t\tThe relaxing Waterworld at your Siebenquell thermal spa\n\t\t<\/a>\n\t<\/h2>\n\t<p>Water, palm trees, seashell loungers &#8211; enjoy the perfect break as our guest at the Siebenquell GesundZeitResort in Wei\u00dfenstadt in the Fichtel Mountains. Immerse yourself in the thermal water and drift away in the current pool! Experience the enticing allure of champagne loungers and massage jets in the pampering pool and the outdoor thermal pool. Warm water enthusiasts are sure to enjoy deep relaxation in the whirlpool, hot water pool and geyser steam bath along with an abundance of indoor and outdoor spaces for resting and lounging. Athletic types will delight in swimming long laps and attending aqua-fitness courses in the active thermal pool.<\/p>\n\t\t\t<a href=\"https:\/\/www.siebenquell.com\/en\/thermal-spring\/waterworld\/\" target=\"_self\" rel=\"noopener\">\n\t\t\t\t\t\t\t<\/a>\n\t<p>Never miss out on any of our offers and always be the first to know about new events at the Siebenquell GesundZeitResort.<\/p>\n<p><a href=\"https:\/\/www.siebenquell.com\/therme\/newsletter\/\">Register now<\/a><\/p>\n\t<p>Sweat it out in the sauna village<\/p>\n<h2>\n\t\t<a href=\"https:\/\/www.siebenquell.com\/therme\/saunawelt\/\" title=\"Experience ultimate relaxation in the Saunaworld\" target=\"_self\" rel=\"noopener\">\n\t\tExperience ultimate relaxation in the Saunaworld\n\t\t<\/a>\n\t<\/h2>\n\t<p>Revitalise your spirits in the sauna: The Saunaworld spans an indoor and outdoor space of 6,800 m\u00b2 with eight themed saunas and sauna experiences, a steam sauna, an infrared sauna and a snow chamber along with many quiet lounge areas. At temperatures from minus 10 \u00b0C to plus 95 \u00b0C, everyone is sure to find their favourite spot here. Do something good for your health &#8211; sweat away the stress in the ambience of Wei\u00dfenstadt&#8217;s craft traditions &#8211; in the heart of the beautiful Fichtel Mountains!<\/p>\n\t\t\t<a href=\"https:\/\/www.siebenquell.com\/en\/thermal-spring\/saunaworld\/\" target=\"_self\" rel=\"noopener\">\n\t\t\t\t\t\t\t<\/a>\n\t<p>GESUNDZEIT &#8211; a 2,000-year tradition<\/p>\n<h2>\n\t\t<a href=\"https:\/\/www.siebenquell.com\/therme\/gesundzeitreise\/\" title=\"Discover the GesundZeitReise\" target=\"_self\" rel=\"noopener\">\n\t\tDiscover the GesundZeitReise\n\t\t<\/a>\n\t<\/h2>\n\t<p>Treat yourself to a break as our guest in the one-of-a-kind GesundZeitReise &#8211; the heart of Siebenquell with seven different mineral baths and bathing complexes. Discover the secrets and traditions of the great bathing cultures as you journey through a variety of advanced civilisations that practised healing &#8211; from 1250 BCE to the modern age. Leave the stress and hectic pace of today&#8217;s world behind and learn how to permanently enhance your own well-being.<\/p>\n\t\t\t<a href=\"https:\/\/www.siebenquell.com\/en\/thermal-spring\/gesundzeitreise\/\" target=\"_self\" rel=\"noopener\">\n\t\t\t\t\t\t\t<\/a>\n\t<p>All the information you need at a glance<\/p>\n<h2>\n\t\t<a href=\"https:\/\/www.siebenquell.com\/en\/thermal-spring\/opening-hours-and-rates\/\" title=\"Opening hours, rates and GesundWertKarte in your thermal spa\" target=\"_self\" rel=\"noopener\">\n\t\tOpening hours, rates and GesundWertKarte in your thermal spa\n\t\t<\/a>\n\t<\/h2>\n\t<p>You will find your Siebenquell thermal spa&#8217;s current opening hours and rates here along with additional information on the GesundWertKarte, which you can use as a cashless means of payment throughout the resort.<\/p>\n\t\t\t<a href=\"https:\/\/www.siebenquell.com\/en\/thermal-spring\/opening-hours-and-rates\/\" target=\"_self\" rel=\"noopener\">\n\t\t\t\t\t\t\t<\/a>\n\t<p>Questions and answers<\/p>\n<h2>\n\t\t<a href=\"https:\/\/www.siebenquell.com\/therme\/haeufig-gestellte-fragen\/\" title=\"Frequently asked questions\" target=\"_self\" rel=\"noopener\">\n\t\tFrequently asked questions\n\t\t<\/a>\n\t<\/h2>\n\t<p>Consult this section for answers to frequently asked questions about the Siebenquell GesundZeitResort and health and wellness hotel in Wei\u00dfenstadt. Can&#8217;t find the answer you&#8217;re looking for? Don&#8217;t hesitate to contact us &#8211; we&#8217;re happy to assist you!<\/p>\n\t\t\t<a href=\"https:\/\/www.siebenquell.com\/en\/thermal-spring\/frequently-asked-questions\/\" target=\"_self\" rel=\"noopener\">\n\t\t\t\t\t\t\t<\/a>\n<h5>\n\t\tAll the information you need at a glance\n\t<\/h5>\n<h2>\n\t\tYour Siebenquell thermal spa\n\t<\/h2>\n        <img decoding=\"async\" src=\"https:\/\/www.siebenquell.com\/wp-content\/uploads\/2021\/04\/siebenquell_ubersicht_web.svg\"\/>\n            1\n            2\n            3\n            4\n            5\n            6\n            7\n            <h3>Wasserwelt Innen- &#038; Au\u00dfenbereich<\/h3>\n            Tauchen Sie ein in unsere riesige Wasserwelt mit mehr als 1.000 m\u00b2 zusammenh\u00e4ngender Wasserfl\u00e4che &#8211; mit verschiedenen Thermalwasserbecken, Str\u00f6mungskanal und Poolbar, zwei Au\u00dfenbecken mit herrlicher Liegewiese und Bistroterrasse, Whirlpool und Hei\u00dfwasserbecken, Geysirdampfbad, Bistro und dem Kleinkinderbereich.                          <a href=\"https:\/\/www.siebenquell.com\/therme\/wasserwelt\/\">View area<\/a>\n            <h3>Fitness-Studio blu<\/h3>\n            Unser mehr als 600 m\u00b2 gro\u00dfes Fitness-Studio blu mit Blick auf den Wei\u00dfenst\u00e4dter See, den Waldstein und in die Thermenhalle steht Tages- und \u00dcbernachtungsg\u00e4sten sowie externen Mitgliedern offen. Kraft, Ausdauer, Beweglichkeit &#8211; hier trainieren Sie Ihre Fitness ganz nach Wunsch. Individuell, in einem unserer Fitness-Kurse oder unter Anleitung pers\u00f6nlicher Coaches verbessern Sie Ihre sportlichen Leistungen, Kondition und Kraft.                          <a href=\"https:\/\/www.siebenquell.com\/therme\/fitness-studio-blu\/\">View area<\/a>\n            <h3>Saunawelt Innen- &#038; Au\u00dfenbereich<\/h3>\n            Genie\u00dfen Sie pure Entspannung in unserer insgesamt 6.800 m2 gro\u00dfen Saunawelt: Auf Sie warten acht Themen- und Erlebnissaunen, eine Dampfsauna, eine Infrarotkabine und als besonderes Highlight unsere Schneekammer. Nach dem wohltuenden Saunagang laden unsere Ruhebereiche, wie etwa der Ruhestodl, zum Entspannen und Ausruhen ein.                          <a href=\"https:\/\/www.siebenquell.com\/therme\/saunawelt\/\">View area<\/a>\n            <h3>GesundZeitReise<\/h3>\n            Erleben Sie die Heilwirkung jahrtausendealter Badekultur in unserer GesundZeitReise, dem Herz des Siebenquell\u00ae. In den sieben Mineralienb\u00e4dern und Badelandschaften begeben Sie sich auf eine einzigarte wohltuende Reise &#8211; beginnend 1250 Jahre vor Christus bis hin zur Neuzeit. Steigern Sie Ihr Wohlbefinden und vergessen Sie den Alltagstress.                          <a href=\"https:\/\/www.siebenquell.com\/therme\/gesundzeitreise\/\">View area<\/a>\n            <h3>Beauty &#038; SPA<\/h3>\n            In unserem gro\u00dfz\u00fcgigen Beauty &amp; SPA-Bereich erleben Sie in gro\u00dfer Vielfalt Entspannung und Regeneration und finden so zu Ihrer inneren Balance. Unser Wohlf\u00fchl-Angebot f\u00fcr Sie reicht von Kosmetik- und Gesichtsbehandlungen \u00fcber Manik\u00fcre und Pedik\u00fcre, Wellness- und Anti-Stress-Massagen, Packungen und Peelings bis hin zu ausgiebigen Wohlf\u00fchlb\u00e4dern f\u00fcr Sie allein oder als Partneranwendung.                          <a href=\"https:\/\/www.siebenquell.com\/hotel\/beauty-spa\/\">View area<\/a>\n            <h3>Medical Wellness<\/h3>\n            In der Medical Wellness mit einem \u00fcber 1.400 m\u00b2 gro\u00dfen Therapiebereich erwarten Sie unsere Physiotherapeuten, medizinischen Bademeister und Masseure und unser Di\u00e4tassistent, die nur ein Ansinnen haben: Ihr pers\u00f6nliches Wohlergehen! Ob zur Vorbeugung, Optimierung oder Behandlung &#8211; unsere medizinischen Anwendungen bieten ausreichend Auswahl und werden individuell auf Ihren Gesundheitszustand abgestimmt.                          <a href=\"https:\/\/www.siebenquell.com\/hotel\/medical-wellness\/\">View area<\/a>\n            <h3>4-Sterne-Superior Hotel, Hotelrestaurant GenussAllee, Caf\u00e9 &#038; Bar Kaminflackerei<\/h3>\n            Mitten im Naturpark Fichtelgebirge in Wei\u00dfenstadt am See wartet unser modernes 4-Sterne-Superior Siebenquell\u00ae Hotel auf Sie. Hier in Oberfranken, im Norden Bayerns, k\u00f6nnen Sie schneesichere Winterurlaube und herrlich entspannende Sommerurlaube mit malerischen Wanderungen, sportlichen Aktivit\u00e4ten und kulturellen Highlights verbringen. Lassen Sie sich au\u00dferdem in unserem reichhaltigen Gastronomie-Angebot kulinarisch verf\u00fchren.                          <a href=\"https:\/\/www.siebenquell.com\/hotel\/\">View area<\/a>\n          1\n            Wasserwelt Innen- &#038; Au\u00dfenbereich        \n          2\n            Fitness-Studio blu        \n          3\n            Saunawelt Innen- &#038; Au\u00dfenbereich        \n          4\n            GesundZeitReise        \n          5\n            Beauty &#038; SPA        \n          6\n            Medical Wellness        \n          7\n            4-Sterne-Superior Hotel, Hotelrestaurant GenussAllee, Caf\u00e9 &#038; Bar Kaminflackerei        \n<h3>\n\t\tEven more Siebenquell Thermal Spa\n\t<\/h3>\n\t\t\t\t<img loading=\"lazy\" decoding=\"async\" src=\"https:\/\/www.siebenquell.com\/wp-content\/uploads\/2021\/09\/GMK5739_web.jpg\" alt=\"Fitnessstudio\" itemprop=\"image\" height=\"1335\" width=\"2000\" title=\"Fitnessstudio\" onerror=\"this.style.display='none'\"  \/>\n\t<h4><a href=\"https:\/\/www.siebenquell.com\/therme\/fitness-studio-blu\/\">blu fitness studio<\/a><\/h4>\n<p>Improve your fitness with your choice of exercise here: strength, endurance or agility.<\/p>\n\t\t\t<a href=\"https:\/\/www.siebenquell.com\/therme\/fitness-studio-blu\/\" target=\"_self\" rel=\"noopener\">\n\t\t\t\t\t\t\tDiscover more now\n\t\t\t\t\t<\/a>\n\t\t\t\t<img loading=\"lazy\" decoding=\"async\" src=\"https:\/\/www.siebenquell.com\/wp-content\/uploads\/2021\/03\/siebenquell-therme-medical-wellness-02.jpg\" alt=\"Siebenquell Therme - Medical Wellness\" itemprop=\"image\" height=\"683\" width=\"1024\" title=\"Siebenquell Therme - Medical Wellness\" onerror=\"this.style.display='none'\"  \/>\n\t<h4><a href=\"https:\/\/www.siebenquell.com\/hotel\/medical-wellness\/\">Medical Wellness<\/a><\/h4>\n<p>Physical therapists, massage therapists and dieticians have only one mission: your personal well-being!<\/p>\n\t\t\t<a href=\"https:\/\/www.siebenquell.com\/hotel\/medical-wellness\/\" target=\"_self\" rel=\"noopener\">\n\t\t\t\t\t\t\tDiscover more now\n\t\t\t\t\t<\/a>\n\t\t\t\t<img loading=\"lazy\" decoding=\"async\" src=\"https:\/\/www.siebenquell.com\/wp-content\/uploads\/2021\/03\/siebenquell-therme-beauty-spa-01.jpg\" alt=\"Siebenquell Therme - Beauty &amp; SPA\" itemprop=\"image\" height=\"683\" width=\"1024\" title=\"Siebenquell Therme - Beauty &amp; SPA\" onerror=\"this.style.display='none'\"  \/>\n\t<h4><a href=\"https:\/\/www.siebenquell.com\/hotel\/beauty-spa\/\">Beauty &amp; SPA<\/a><\/h4>\n<p>Everything to pamper you: cosmetics, manicures and pedicures, massages, peels, wraps and baths!<\/p>\n\t\t\t<a href=\"https:\/\/www.siebenquell.com\/hotel\/beauty-spa\/\" target=\"_self\" rel=\"noopener\">\n\t\t\t\t\t\t\tDiscover more now\n\t\t\t\t\t<\/a>\n\n","protected":false},"excerpt":{"rendered":"<p>The Siebenquell Therme &#8211; the place for your own personal feel-good time There are currently spaces available for your in our Siebenquell Therme. Relaxation and well-being at your spa in the Fichtel Mountains Opening hours, rates and GesundWertKarte Welcome to the Siebenquell GesundZeitResort in Wei\u00dfenstadt. Learn more about opening hours and admission rates at your&hellip;<\/p>\n","protected":false},"author":1,"featured_media":0,"parent":0,"menu_order":0,"comment_status":"closed","ping_status":"closed","template":"","meta":{"footnotes":""},"class_list":["post-23304","page","type-page","status-publish","hentry"],"yoast_head":"<!-- This site is optimized with the Yoast SEO plugin v27.0 - https:\/\/yoast.com\/product\/yoast-seo-wordpress\/ -->\n<title>The Siebenquell Thermal Spa in Franconia | Siebenquell Resort Weissenstadt<\/title>\n<meta name=\"description\" content=\"The Siebenquell Thermal Spa in Wei\u00dfenstadt is your place for wellness and relaxation - immerse yourself in your short break from everyday life!\" \/>\n<meta name=\"robots\" content=\"index, follow, max-snippet:-1, max-image-preview:large, max-video-preview:-1\" \/>\n<link rel=\"canonical\" href=\"https:\/\/www.siebenquell.com\/en\/thermal-spring\/\" \/>\n<meta property=\"og:locale\" content=\"en_US\" \/>\n<meta property=\"og:type\" content=\"article\" \/>\n<meta property=\"og:title\" content=\"The Siebenquell Thermal Spa in Franconia | Siebenquell Resort Weissenstadt\" \/>\n<meta property=\"og:description\" content=\"The Siebenquell Thermal Spa in Wei\u00dfenstadt is your place for wellness and relaxation - immerse yourself in your short break from everyday life!\" \/>\n<meta property=\"og:url\" content=\"https:\/\/www.siebenquell.com\/en\/thermal-spring\/\" \/>\n<meta property=\"og:site_name\" content=\"Siebenquell\" \/>\n<meta property=\"article:modified_time\" content=\"2024-01-11T10:49:47+00:00\" \/>\n<meta property=\"og:image\" content=\"https:\/\/www.siebenquell.com\/wp-content\/uploads\/2021\/04\/siebenquell-therme.jpg\" \/>\n<meta name=\"twitter:card\" content=\"summary_large_image\" \/>\n<meta name=\"twitter:label1\" content=\"Est. reading time\" \/>\n\t<meta name=\"twitter:data1\" content=\"6 minutes\" \/>\n<script type=\"application\/ld+json\" class=\"yoast-schema-graph\">{\"@context\":\"https:\/\/schema.org\",\"@graph\":[{\"@type\":\"WebPage\",\"@id\":\"https:\/\/www.siebenquell.com\/en\/thermal-spring\/\",\"url\":\"https:\/\/www.siebenquell.com\/en\/thermal-spring\/\",\"name\":\"The Siebenquell Thermal Spa in Franconia | Siebenquell Resort Weissenstadt\",\"isPartOf\":{\"@id\":\"https:\/\/www.siebenquell.com\/#website\"},\"primaryImageOfPage\":{\"@id\":\"https:\/\/www.siebenquell.com\/en\/thermal-spring\/#primaryimage\"},\"image\":{\"@id\":\"https:\/\/www.siebenquell.com\/en\/thermal-spring\/#primaryimage\"},\"thumbnailUrl\":\"https:\/\/www.siebenquell.com\/wp-content\/uploads\/2021\/04\/siebenquell-therme.jpg\",\"datePublished\":\"2020-12-09T08:45:36+00:00\",\"dateModified\":\"2024-01-11T10:49:47+00:00\",\"description\":\"The Siebenquell Thermal Spa in Wei\u00dfenstadt is your place for wellness and relaxation - immerse yourself in your short break from everyday life!\",\"breadcrumb\":{\"@id\":\"https:\/\/www.siebenquell.com\/en\/thermal-spring\/#breadcrumb\"},\"inLanguage\":\"en-US\",\"potentialAction\":[{\"@type\":\"ReadAction\",\"target\":[\"https:\/\/www.siebenquell.com\/en\/thermal-spring\/\"]}]},{\"@type\":\"ImageObject\",\"inLanguage\":\"en-US\",\"@id\":\"https:\/\/www.siebenquell.com\/en\/thermal-spring\/#primaryimage\",\"url\":\"https:\/\/www.siebenquell.com\/wp-content\/uploads\/2021\/04\/siebenquell-therme.jpg\",\"contentUrl\":\"https:\/\/www.siebenquell.com\/wp-content\/uploads\/2021\/04\/siebenquell-therme.jpg\"},{\"@type\":\"BreadcrumbList\",\"@id\":\"https:\/\/www.siebenquell.com\/en\/thermal-spring\/#breadcrumb\",\"itemListElement\":[{\"@type\":\"ListItem\",\"position\":1,\"name\":\"Startseite\",\"item\":\"https:\/\/www.siebenquell.com\/en\/\"},{\"@type\":\"ListItem\",\"position\":2,\"name\":\"Thermal Spring\"}]},{\"@type\":\"WebSite\",\"@id\":\"https:\/\/www.siebenquell.com\/#website\",\"url\":\"https:\/\/www.siebenquell.com\/\",\"name\":\"Siebenquell\",\"description\":\"Eine weitere WordPress-Website\",\"potentialAction\":[{\"@type\":\"SearchAction\",\"target\":{\"@type\":\"EntryPoint\",\"urlTemplate\":\"https:\/\/www.siebenquell.com\/?s={search_term_string}\"},\"query-input\":{\"@type\":\"PropertyValueSpecification\",\"valueRequired\":true,\"valueName\":\"search_term_string\"}}],\"inLanguage\":\"en-US\"}]}<\/script>\n<!-- \/ Yoast SEO plugin. -->","yoast_head_json":{"title":"The Siebenquell Thermal Spa in Franconia | Siebenquell Resort Weissenstadt","description":"The Siebenquell Thermal Spa in Wei\u00dfenstadt is your place for wellness and relaxation - immerse yourself in your short break from everyday life!","robots":{"index":"index","follow":"follow","max-snippet":"max-snippet:-1","max-image-preview":"max-image-preview:large","max-video-preview":"max-video-preview:-1"},"canonical":"https:\/\/www.siebenquell.com\/en\/thermal-spring\/","og_locale":"en_US","og_type":"article","og_title":"The Siebenquell Thermal Spa in Franconia | Siebenquell Resort Weissenstadt","og_description":"The Siebenquell Thermal Spa in Wei\u00dfenstadt is your place for wellness and relaxation - immerse yourself in your short break from everyday life!","og_url":"https:\/\/www.siebenquell.com\/en\/thermal-spring\/","og_site_name":"Siebenquell","article_modified_time":"2024-01-11T10:49:47+00:00","og_image":[{"url":"https:\/\/www.siebenquell.com\/wp-content\/uploads\/2021\/04\/siebenquell-therme.jpg","type":"","width":"","height":""}],"twitter_card":"summary_large_image","twitter_misc":{"Est. reading time":"6 minutes"},"schema":{"@context":"https:\/\/schema.org","@graph":[{"@type":"WebPage","@id":"https:\/\/www.siebenquell.com\/en\/thermal-spring\/","url":"https:\/\/www.siebenquell.com\/en\/thermal-spring\/","name":"The Siebenquell Thermal Spa in Franconia | Siebenquell Resort Weissenstadt","isPartOf":{"@id":"https:\/\/www.siebenquell.com\/#website"},"primaryImageOfPage":{"@id":"https:\/\/www.siebenquell.com\/en\/thermal-spring\/#primaryimage"},"image":{"@id":"https:\/\/www.siebenquell.com\/en\/thermal-spring\/#primaryimage"},"thumbnailUrl":"https:\/\/www.siebenquell.com\/wp-content\/uploads\/2021\/04\/siebenquell-therme.jpg","datePublished":"2020-12-09T08:45:36+00:00","dateModified":"2024-01-11T10:49:47+00:00","description":"The Siebenquell Thermal Spa in Wei\u00dfenstadt is your place for wellness and relaxation - immerse yourself in your short break from everyday life!","breadcrumb":{"@id":"https:\/\/www.siebenquell.com\/en\/thermal-spring\/#breadcrumb"},"inLanguage":"en-US","potentialAction":[{"@type":"ReadAction","target":["https:\/\/www.siebenquell.com\/en\/thermal-spring\/"]}]},{"@type":"ImageObject","inLanguage":"en-US","@id":"https:\/\/www.siebenquell.com\/en\/thermal-spring\/#primaryimage","url":"https:\/\/www.siebenquell.com\/wp-content\/uploads\/2021\/04\/siebenquell-therme.jpg","contentUrl":"https:\/\/www.siebenquell.com\/wp-content\/uploads\/2021\/04\/siebenquell-therme.jpg"},{"@type":"BreadcrumbList","@id":"https:\/\/www.siebenquell.com\/en\/thermal-spring\/#breadcrumb","itemListElement":[{"@type":"ListItem","position":1,"name":"Startseite","item":"https:\/\/www.siebenquell.com\/en\/"},{"@type":"ListItem","position":2,"name":"Thermal Spring"}]},{"@type":"WebSite","@id":"https:\/\/www.siebenquell.com\/#website","url":"https:\/\/www.siebenquell.com\/","name":"Siebenquell","description":"Eine weitere WordPress-Website","potentialAction":[{"@type":"SearchAction","target":{"@type":"EntryPoint","urlTemplate":"https:\/\/www.siebenquell.com\/?s={search_term_string}"},"query-input":{"@type":"PropertyValueSpecification","valueRequired":true,"valueName":"search_term_string"}}],"inLanguage":"en-US"}]}},"_links":{"self":[{"href":"https:\/\/www.siebenquell.com\/en\/wp-json\/wp\/v2\/pages\/23304","targetHints":{"allow":["GET"]}}],"collection":[{"href":"https:\/\/www.siebenquell.com\/en\/wp-json\/wp\/v2\/pages"}],"about":[{"href":"https:\/\/www.siebenquell.com\/en\/wp-json\/wp\/v2\/types\/page"}],"author":[{"embeddable":true,"href":"https:\/\/www.siebenquell.com\/en\/wp-json\/wp\/v2\/users\/1"}],"replies":[{"embeddable":true,"href":"https:\/\/www.siebenquell.com\/en\/wp-json\/wp\/v2\/comments?post=23304"}],"version-history":[{"count":13,"href":"https:\/\/www.siebenquell.com\/en\/wp-json\/wp\/v2\/pages\/23304\/revisions"}],"predecessor-version":[{"id":48301,"href":"https:\/\/www.siebenquell.com\/en\/wp-json\/wp\/v2\/pages\/23304\/revisions\/48301"}],"wp:attachment":[{"href":"https:\/\/www.siebenquell.com\/en\/wp-json\/wp\/v2\/media?parent=23304"}],"curies":[{"name":"wp","href":"https:\/\/api.w.org\/{rel}","templated":true}]}}